{"id":55723,"date":"2025-04-13T13:28:09","date_gmt":"2025-04-13T13:28:09","guid":{"rendered":"https:\/\/nautica.news\/es\/?page_id=55723"},"modified":"2025-06-15T16:36:06","modified_gmt":"2025-06-15T16:36:06","slug":"tiempo","status":"publish","type":"page","link":"https:\/\/nautica.news\/es\/tiempo\/","title":{"rendered":"TIEMPO"},"content":{"rendered":"<h2>TIEMPO EN EL RIO DE LA PLATA<\/h2>\n<p><iframe loading=\"lazy\" src=\"https:\/\/www.ventusky.com\/?p=-36.3;-60.5;4&amp;l=shear\" width=\"530\" height=\"450\" frameborder=\"0\"><\/iframe><br \/>\n<iframe loading=\"lazy\" src=\"https:\/\/embed.windy.com\/embed2.html?lat=-35.416&amp;lon=-57.316&amp;detailLat=-34.610&amp;detailLon=-58.440&amp;width=500&amp;height=450&amp;zoom=6&amp;level=surface&amp;overlay=clouds&amp;product=ecmwf&amp;menu=&amp;message=&amp;marker=&amp;calendar=12&amp;pressure=true&amp;type=map&amp;location=coordinates&amp;detail=true&amp;metricWind=default&amp;metricTemp=default&amp;radarRange=-1\" width=\"530\" height=\"450\" frameborder=\"0\"><\/iframe><\/p>\n<p>El clima en la regi\u00f3n del R\u00edo de la Plata es fundamental para garantizar condiciones \u00f3ptimas de navegaci\u00f3n. La evaluaci\u00f3n del tiempo es imprescindible para planificar traves\u00edas exitosas en esta importante v\u00eda fluvial. Es necesario prestar especial atenci\u00f3n a los pron\u00f3sticos meteorol\u00f3gicos al navegar en el R\u00edo de la Plata.<\/p>\n<p><script id=\"wg_fwdg_864116_3_1586273611054\">\n(function (window, document) {\n  var loader = function () {\n    var arg = [\"s=864116\",\"m=3\",\"uid=wg_fwdg_864116_3_1586273611054\",\"wj=knots\",\"tj=c\",\"odh=0\",\"doh=24\",\"fhours=240\",\"vt=forecasts\",\"lng=es\",\n   \"p=SMER,WINDSPD,GUST,TMP,RH,SLP,APCP1s,CDC\"];\n    var script = document.createElement(\"script\");\n    var tag = document.getElementsByTagName(\"script\")[0];\n    script.src = \"https:\/\/www.windguru.cz\/js\/widget.php?\"+(arg.join(\"&\"));\n    tag.parentNode.insertBefore(script, tag);\n  };\n  window.addEventListener ? window.addEventListener(\"load\", loader, false) : window.attachEvent(\"onload\", loader);\n})(window, document);\n<\/script><br \/>\n<script async src=\"https:\/\/pagead2.googlesyndication.com\/pagead\/js\/adsbygoogle.js\"><\/script><br \/>\n<!-- sky --><br \/>\n<ins class=\"adsbygoogle\" style=\"display: inline-block; width: 728px; height: 90px;\" data-ad-client=\"ca-pub-7304937237507465\" data-ad-slot=\"7828987834\"><\/ins><br \/>\n<script>\n     (adsbygoogle = window.adsbygoogle || []).push({});\n<\/script><\/p>\n<p><ins class=\"adsbygoogle\" style=\"display: block;\" data-ad-format=\"autorelaxed\" data-ad-client=\"ca-pub-7304937237507465\" data-ad-slot=\"9982476394\"><\/ins><ins class=\"adsbygoogle\" style=\"display: block; text-align: center;\" data-ad-format=\"fluid\" data-ad-layout=\"in-article\" data-ad-client=\"ca-pub-7304937237507465\" data-ad-slot=\"6326302419\"><\/ins><br \/>\n<iframe loading=\"lazy\" style=\"border: none; overflow: hidden; width: 600px; height: 500px;\" src=\"https:\/\/www.tutiempo.net\/s-widget\/full\/42833\/cn2\" width=\"600\" height=\"400\" frameborder=\"0\" scrolling=\"yes\"><span data-mce-type=\"bookmark\" style=\"display: inline-block; width: 0px; overflow: hidden; line-height: 0;\" class=\"mce_SELRES_start\">\ufeff<\/span><span data-mce-type=\"bookmark\" style=\"display: inline-block; width: 0px; overflow: hidden; line-height: 0;\" class=\"mce_SELRES_start\">\ufeff<\/span><\/iframe><\/p>\n<p><script>\nvar header_slot;\ngoogletag.cmd.push(function() {<\/p>\n<p>\tvar mapping = \tgoogletag.sizeMapping().addSize([0, 0], ['fluid',[728, 90],[300, 100]]).build();<\/p>\n<p>\theader_slot = googletag.defineSlot('\/23198112117\/Nautica\/header', [[728, 90],[300, 100]], 'header')\n\t\t\t\t\t\t\t.defineSizeMapping(mapping)\n\t\t\t\t\t\t\t.setCollapseEmptyDiv(true)\n\t\t\t\t\t\t\t.addService(googletag.pubads());<\/p>\n<p>\t\t\t\t\tgoogletag.enableServices();<\/p>\n<p>});\n<\/script><\/p>\n<div id=\"header\"><script>\n\t\t    googletag.cmd.push(function() { googletag.display('header'); });\n\t<\/script><\/div>\n<p>clima viento pron\u00f3stico windgt<\/p>\n","protected":false},"excerpt":{"rendered":"<p>TIEMPO EN EL RIO DE LA PLATA El clima en la regi\u00f3n del R\u00edo de la Plata es fundamental para garantizar condiciones \u00f3ptimas de navegaci\u00f3n. La evaluaci\u00f3n del tiempo es imprescindible para planificar traves\u00edas exitosas en esta importante v\u00eda fluvial. Es necesario prestar especial atenci\u00f3n a los pron\u00f3sticos meteorol\u00f3gicos al navegar en el R\u00edo de [&hellip;]<\/p>\n","protected":false},"author":1,"featured_media":0,"parent":0,"menu_order":0,"comment_status":"closed","ping_status":"closed","template":"","meta":{"footnotes":""},"class_list":["post-55723","page","type-page","status-publish"],"jetpack_sharing_enabled":true,"jetpack-related-posts":[],"_links":{"self":[{"href":"https:\/\/nautica.news\/es\/wp-json\/wp\/v2\/pages\/55723","targetHints":{"allow":["GET"]}}],"collection":[{"href":"https:\/\/nautica.news\/es\/wp-json\/wp\/v2\/pages"}],"about":[{"href":"https:\/\/nautica.news\/es\/wp-json\/wp\/v2\/types\/page"}],"author":[{"embeddable":true,"href":"https:\/\/nautica.news\/es\/wp-json\/wp\/v2\/users\/1"}],"replies":[{"embeddable":true,"href":"https:\/\/nautica.news\/es\/wp-json\/wp\/v2\/comments?post=55723"}],"version-history":[{"count":2,"href":"https:\/\/nautica.news\/es\/wp-json\/wp\/v2\/pages\/55723\/revisions"}],"predecessor-version":[{"id":56511,"href":"https:\/\/nautica.news\/es\/wp-json\/wp\/v2\/pages\/55723\/revisions\/56511"}],"wp:attachment":[{"href":"https:\/\/nautica.news\/es\/wp-json\/wp\/v2\/media?parent=55723"}],"curies":[{"name":"wp","href":"https:\/\/api.w.org\/{rel}","templated":true}]}}